{"id":120,"date":"2025-05-15T21:48:14","date_gmt":"2025-05-15T19:48:14","guid":{"rendered":"https:\/\/suryoye-kirchhausen.de\/?page_id=120"},"modified":"2026-02-20T20:12:02","modified_gmt":"2026-02-20T19:12:02","slug":"impressum","status":"publish","type":"page","link":"https:\/\/suryoye-kirchhausen.de\/index.php\/impressum\/","title":{"rendered":"Impressum"},"content":{"rendered":"\t\t<div data-elementor-type=\"wp-page\" data-elementor-id=\"120\" class=\"elementor elementor-120\">\n\t\t\t\t<div class=\"elementor-element elementor-element-d9e1879 e-flex e-con-boxed e-con e-parent\" data-id=\"d9e1879\" data-element_type=\"container\" data-e-type=\"container\">\n\t\t\t\t\t<div class=\"e-con-inner\">\n\t\t\t\t<div class=\"elementor-element elementor-element-7afd19f elementor-widget elementor-widget-text-editor\" data-id=\"7afd19f\" data-element_type=\"widget\" data-e-type=\"widget\" data-widget_type=\"text-editor.default\">\n\t\t\t\t<div class=\"elementor-widget-container\">\n\t\t\t\t\t\t\t\t\t<h2>Impressum<\/h2><p><strong>Angaben gem\u00e4\u00df \u00a7 5 TMG<\/strong><\/p><p>SURYOYE Kirchhausen Sport- und Kulturverein e.V.<br \/>Austra\u00dfe 34<br \/>74076 Heilbronn<br \/>Deutschland<\/p><p><strong>Vertreten durch:<\/strong><br \/>Jack Jakob (1. Vorsitzender)<br \/>George Gergin (2. Vorsitzender)<br \/>E-Mail: info@suryoye-kirchhausen.de<\/p><p><strong>Registereintrag:<\/strong><br \/>Eintragung im Vereinsregister.<br \/>Registergericht: Amtsgericht Stuttgart<br \/>Registernummer: VR 722713<\/p><p><strong>Verantwortlich f\u00fcr den Inhalt nach \u00a7 55 Abs. 2 RStV:<\/strong><br \/>George Gergin<br \/>Austra\u00dfe 34<br \/>74076 Heilbronn<\/p><p><strong>Haftungsausschluss:<\/strong><br \/>Trotz sorgf\u00e4ltiger inhaltlicher Kontrolle \u00fcbernehmen wir keine Haftung f\u00fcr die Inhalte externer Links. F\u00fcr den Inhalt der verlinkten Seiten sind ausschlie\u00dflich deren Betreiber verantwortlich.<\/p><p><strong>Urheberrecht:<\/strong><br \/>Die durch die Seitenbetreiber erstellten Inhalte und Werke auf diesen Seiten unterliegen dem deutschen Urheberrecht. Beitr\u00e4ge Dritter sind als solche gekennzeichnet.<\/p><p><strong>Datenschutz:<\/strong><br \/>Unsere Datenschutzerkl\u00e4rung finden Sie hier: <a href=\"\/datenschutzerklaerung\">Datenschutzerkl\u00e4rung<\/a><\/p>\t\t\t\t\t\t\t\t<\/div>\n\t\t\t\t<\/div>\n\t\t\t\t\t<\/div>\n\t\t\t\t<\/div>\n\t\t\t\t<\/div>\n\t\t","protected":false},"excerpt":{"rendered":"<p>Impressum Angaben gem\u00e4\u00df \u00a7 5 TMG SURYOYE Kirchhausen Sport- und Kulturverein e.V.Austra\u00dfe 3474076 HeilbronnDeutschland Vertreten durch:Jack Jakob (1. Vorsitzender)George Gergin (2. Vorsitzender)E-Mail: info@suryoye-kirchhausen.de Registereintrag:Eintragung im Vereinsregister.Registergericht: Amtsgericht StuttgartRegisternummer: VR 722713 Verantwortlich f\u00fcr den Inhalt nach \u00a7 55 Abs. 2 RStV:George GerginAustra\u00dfe 3474076 Heilbronn Haftungsausschluss:Trotz sorgf\u00e4ltiger inhaltlicher Kontrolle \u00fcbernehmen wir keine Haftung f\u00fcr die Inhalte externer [&hellip;]<\/p>\n","protected":false},"author":1,"featured_media":0,"parent":0,"menu_order":0,"comment_status":"closed","ping_status":"closed","template":"elementor_header_footer","meta":{"footnotes":""},"class_list":["post-120","page","type-page","status-publish","hentry"],"_links":{"self":[{"href":"https:\/\/suryoye-kirchhausen.de\/index.php\/wp-json\/wp\/v2\/pages\/120","targetHints":{"allow":["GET"]}}],"collection":[{"href":"https:\/\/suryoye-kirchhausen.de\/index.php\/wp-json\/wp\/v2\/pages"}],"about":[{"href":"https:\/\/suryoye-kirchhausen.de\/index.php\/wp-json\/wp\/v2\/types\/page"}],"author":[{"embeddable":true,"href":"https:\/\/suryoye-kirchhausen.de\/index.php\/wp-json\/wp\/v2\/users\/1"}],"replies":[{"embeddable":true,"href":"https:\/\/suryoye-kirchhausen.de\/index.php\/wp-json\/wp\/v2\/comments?post=120"}],"version-history":[{"count":10,"href":"https:\/\/suryoye-kirchhausen.de\/index.php\/wp-json\/wp\/v2\/pages\/120\/revisions"}],"predecessor-version":[{"id":343,"href":"https:\/\/suryoye-kirchhausen.de\/index.php\/wp-json\/wp\/v2\/pages\/120\/revisions\/343"}],"wp:attachment":[{"href":"https:\/\/suryoye-kirchhausen.de\/index.php\/wp-json\/wp\/v2\/media?parent=120"}],"curies":[{"name":"wp","href":"https:\/\/api.w.org\/{rel}","templated":true}]}}