{"id":2,"date":"2025-02-19T17:12:44","date_gmt":"2025-02-19T16:12:44","guid":{"rendered":"http:\/\/suryoye-kirchhausen.de\/?page_id=2"},"modified":"2025-05-15T21:01:58","modified_gmt":"2025-05-15T19:01:58","slug":"beispiel-seite","status":"publish","type":"page","link":"https:\/\/suryoye-kirchhausen.de\/index.php\/beispiel-seite\/","title":{"rendered":"\u00dcber Uns"},"content":{"rendered":"\t\t<div data-elementor-type=\"wp-page\" data-elementor-id=\"2\" class=\"elementor elementor-2\">\n\t\t\t\t<div class=\"elementor-element elementor-element-2bccca1 e-flex e-con-boxed e-con e-parent\" data-id=\"2bccca1\" data-element_type=\"container\" data-e-type=\"container\">\n\t\t\t\t\t<div class=\"e-con-inner\">\n\t\t\t\t<div class=\"elementor-element elementor-element-f411ba6 elementor-widget elementor-widget-image\" data-id=\"f411ba6\" data-element_type=\"widget\" data-e-type=\"widget\" data-widget_type=\"image.default\">\n\t\t\t\t<div class=\"elementor-widget-container\">\n\t\t\t\t\t\t\t\t\t\t\t\t\t\t\t<img fetchpriority=\"high\" decoding=\"async\" width=\"640\" height=\"313\" src=\"https:\/\/suryoye-kirchhausen.de\/wp-content\/uploads\/2025\/02\/image.png\" class=\"attachment-large size-large wp-image-7\" alt=\"\" srcset=\"https:\/\/suryoye-kirchhausen.de\/wp-content\/uploads\/2025\/02\/image.png 768w, https:\/\/suryoye-kirchhausen.de\/wp-content\/uploads\/2025\/02\/image-300x146.png 300w\" sizes=\"(max-width: 640px) 100vw, 640px\" \/>\t\t\t\t\t\t\t\t\t\t\t\t\t\t\t<\/div>\n\t\t\t\t<\/div>\n\t\t\t\t\t<\/div>\n\t\t\t\t<\/div>\n\t\t<div class=\"elementor-element elementor-element-ead8080 e-flex e-con-boxed e-con e-parent\" data-id=\"ead8080\" data-element_type=\"container\" data-e-type=\"container\">\n\t\t\t\t\t<div class=\"e-con-inner\">\n\t\t\t\t<div class=\"elementor-element elementor-element-d65b5aa elementor-widget elementor-widget-text-editor\" data-id=\"d65b5aa\" data-element_type=\"widget\" data-e-type=\"widget\" data-widget_type=\"text-editor.default\">\n\t\t\t\t<div class=\"elementor-widget-container\">\n\t\t\t\t\t\t\t\t\t<section>\n<h2>Individualit\u00e4t trifft Gemeinschaft<\/h2>\n<p><strong>Willkommen bei Suryoye Kirchhausen<\/strong><\/p>\n<p>Der Verein <em>Suryoye Kirchhausen<\/em> wurde im Jahr 2016 von engagierten Mitgliedern der syrisch-orthodoxen Kirchengemeinde St. Jakob in Kirchhausen gegr\u00fcndet. Aus dem Wunsch heraus, \u00fcber das kirchliche Leben hinaus einen Ort der Begegnung, F\u00f6rderung und kulturellen Entfaltung zu schaffen, entstand eine lebendige Gemeinschaft, die die Vielfalt der Suryoye-Identit\u00e4t lebt und weitertr\u00e4gt.<\/p>\n<h3>Unsere Wurzeln<\/h3>\n<p>Die Bezeichnung <strong>Suryoye<\/strong> umfasst verschiedene Volksgruppen mit gemeinsamen kulturellen und sprachlichen Wurzeln \u2013 darunter Aram\u00e4er, Assyrer, Chald\u00e4er, Maroniten und Melkiten. Ihre Geschichte reicht \u00fcber 4000 Jahre zur\u00fcck in die fr\u00fchesten Hochkulturen des Nahen Ostens. Das urspr\u00fcngliche Siedlungsgebiet der Suryoye liegt im Zweistromland zwischen Euphrat und Tigris \u2013 dem historischen Mesopotamien (<em>Beth Nahrin<\/em>, \u201eHaus der Fl\u00fcsse\u201c). Es umfasst Regionen der heutigen T\u00fcrkei, Syriens, des Irak und Libanons.<\/p>\n<p>Die Suryoye pr\u00e4gten \u00fcber Jahrtausende hinweg die kulturelle, religi\u00f6se und wissenschaftliche Entwicklung des Nahen Ostens ma\u00dfgeblich mit. Sie waren Pioniere in der Ausbreitung des fr\u00fchen Christentums und bewahrten durch ihre Sprache, Literatur und Bildungszentren einen reichen Schatz antiken Wissens.<\/p>\n<h3>Unsere Werte<\/h3>\n<ul>\n<li><strong>Gemeinschaft<\/strong> \u2013 ein respektvolles Miteinander aller Generationen<\/li>\n<li><strong>Sport<\/strong> \u2013 als Ausdruck von Teamgeist, Bewegung und Fairness<\/li>\n<li><strong>Kunst &amp; Kultur<\/strong> \u2013 zur F\u00f6rderung und Erhaltung unserer reichen Traditionen<\/li>\n<li><strong>Individualit\u00e4t<\/strong> \u2013 denn jede Pers\u00f6nlichkeit bereichert unsere Gemeinschaft<\/li>\n<\/ul>\n<h3>Wer wir sind<\/h3>\n<p>Suryoye Kirchhausen verbindet Menschen mit Wurzeln in einer jahrtausendealten Geschichte und l\u00e4dt gleichzeitig alle ein, die unsere Werte teilen. Wir engagieren uns f\u00fcr ein starkes Miteinander in unserer Stadt \u2013 mit Herz, Geschichte und Perspektive.<\/p>\n<p>Gemeinsam gestalten wir einen Ort, an dem Herkunft auf Zukunft trifft, Tradition auf Offenheit \u2013 und wo Individualit\u00e4t nicht nur Platz hat, sondern gefeiert wird.<\/p>\n<\/section>\n\n\n<section>\n  <h3>Dachverband<\/h3>\n  <p>\n    <strong>Suryoye Kirchhausen<\/strong> ist Mitglied der\n    <strong>F\u00f6deration Suryoye Deutschland e.V. (HSA)<\/strong> \u2013 dem Dachverband syrisch-aram\u00e4ischer Vereine in Deutschland.\n    Durch diese Mitgliedschaft sind wir bundesweit vernetzt und st\u00e4rken unsere kulturelle und gemeinschaftliche Arbeit \u00fcber die Region hinaus.\n  <\/p>\n\n  <!-- Zentriertes, verlinktes Bild -->\n  <div style=\"text-align: center; margin-top: 10px;\">\n    <a href=\"http:\/\/www.suryoye-deutschland.de\/index.php\" target=\"_blank\" rel=\"noopener\">\n      <img decoding=\"async\" src=\"https:\/\/suryoye-kirchhausen.de\/wp-content\/uploads\/2025\/05\/log_hsa.jpg\" alt=\"Logo der F\u00f6deration Suryoye Deutschland (HSA)\" style=\"max-width: 100%; height: auto; border: 1px solid #ccc; padding: 5px;\">\n    <\/a>\n  <\/div>\n<\/section>\n\t\t\t\t\t\t\t\t<\/div>\n\t\t\t\t<\/div>\n\t\t\t\t\t<\/div>\n\t\t\t\t<\/div>\n\t\t\t\t<\/div>\n\t\t","protected":false},"excerpt":{"rendered":"<p>Individualit\u00e4t trifft Gemeinschaft Willkommen bei Suryoye Kirchhausen Der Verein Suryoye Kirchhausen wurde im Jahr 2016 von engagierten Mitgliedern der syrisch-orthodoxen Kirchengemeinde St. Jakob in Kirchhausen gegr\u00fcndet. Aus dem Wunsch heraus, \u00fcber das kirchliche Leben hinaus einen Ort der Begegnung, F\u00f6rderung und kulturellen Entfaltung zu schaffen, entstand eine lebendige Gemeinschaft, die die Vielfalt der Suryoye-Identit\u00e4t lebt [&hellip;]<\/p>\n","protected":false},"author":1,"featured_media":0,"parent":0,"menu_order":0,"comment_status":"closed","ping_status":"open","template":"elementor_header_footer","meta":{"footnotes":""},"class_list":["post-2","page","type-page","status-publish","hentry"],"_links":{"self":[{"href":"https:\/\/suryoye-kirchhausen.de\/index.php\/wp-json\/wp\/v2\/pages\/2","targetHints":{"allow":["GET"]}}],"collection":[{"href":"https:\/\/suryoye-kirchhausen.de\/index.php\/wp-json\/wp\/v2\/pages"}],"about":[{"href":"https:\/\/suryoye-kirchhausen.de\/index.php\/wp-json\/wp\/v2\/types\/page"}],"author":[{"embeddable":true,"href":"https:\/\/suryoye-kirchhausen.de\/index.php\/wp-json\/wp\/v2\/users\/1"}],"replies":[{"embeddable":true,"href":"https:\/\/suryoye-kirchhausen.de\/index.php\/wp-json\/wp\/v2\/comments?post=2"}],"version-history":[{"count":10,"href":"https:\/\/suryoye-kirchhausen.de\/index.php\/wp-json\/wp\/v2\/pages\/2\/revisions"}],"predecessor-version":[{"id":113,"href":"https:\/\/suryoye-kirchhausen.de\/index.php\/wp-json\/wp\/v2\/pages\/2\/revisions\/113"}],"wp:attachment":[{"href":"https:\/\/suryoye-kirchhausen.de\/index.php\/wp-json\/wp\/v2\/media?parent=2"}],"curies":[{"name":"wp","href":"https:\/\/api.w.org\/{rel}","templated":true}]}}